{"id":36,"date":"2025-05-25T18:24:42","date_gmt":"2025-05-25T16:24:42","guid":{"rendered":"https:\/\/shop.victory-publishing.org\/?post_type=product&#038;p=36"},"modified":"2026-04-19T20:39:48","modified_gmt":"2026-04-19T18:39:48","slug":"la-via-mentale-verso-la-vittoria","status":"publish","type":"product","link":"https:\/\/shop.victory-publishing.org\/it\/izdelek\/miselna-pot-do-zmage\/","title":{"rendered":"La Via Mentale verso la Vittoria"},"content":{"rendered":"<h3><strong>\ud83d\udcd6 Miselna pot do zmage<\/strong><\/h3>\n<p>\ud83d\udca1 <strong>Obvladaj svoj um \u2013 obvladaj svojo igro!<\/strong><\/p>\n<p><em>La Via Mentale verso la Vittoria<\/em> je knjiga, ki te nau\u010di, kako nadgraditi svojo miselno pripravljenost in izkoristiti mentalne tehnike, ki jih uporabljajo vrhunski \u0161portniki in tekmovalci. S pomo\u010djo preverjenih metod bo\u0161 znal obvladati pritisk, preoblikovati strah v samozavest ter razviti miselno trdnost, ki je klju\u010dna za uspeh \u2013 v \u0161portu in \u017eivljenju!<\/p>\n<p>\ud83d\udd11 <strong>Kaj bo\u0161 pridobil s to knjigo?<\/strong><br \/>\n\u2714 Kako ostati osredoto\u010den v klju\u010dnih trenutkih<br \/>\n\u2714 Kako stres in pritisk uporabiti kot svojo prednost<br \/>\n\u2714 Kako premagati dvome in graditi neomajno samozavest<br \/>\n\u2714 Konkretne miselne vaje, ki jih lahko takoj uporabi\u0161<\/p>\n<p>\ud83d\udcd6 <strong>Prakti\u010dno, direktno in u\u010dinkovito!<\/strong><br \/>\nTa knjiga ni teorija, ampak sistemati\u010den vodnik, ki ti poka\u017ee, kako trenirati svoj um tako kot telo \u2013 da bo\u0161 vedno pripravljen na zmago.<\/p>\n<p>\ud83e\udd47 <strong>Tvoj um, tvoja zmaga!<\/strong> \ud83c\udfc6<\/p>","protected":false},"excerpt":{"rendered":"<p>\ud83d\udcd6 Miselna pot do zmage \ud83d\udca1 Obvladaj svoj um \u2013 obvladaj svojo igro! Miselna pot do zmage je knjiga, ki [&hellip;]<\/p>\n","protected":false},"featured_media":2333,"comment_status":"open","ping_status":"closed","template":"","meta":{"site-sidebar-layout":"default","site-content-layout":"","ast-site-content-layout":"default","site-content-style":"default","site-sidebar-style":"default","ast-global-header-display":"","ast-banner-title-visibility":"","ast-main-header-display":"","ast-hfb-above-header-display":"","ast-hfb-below-header-display":"","ast-hfb-mobile-header-display":"","site-post-title":"","ast-breadcrumbs-content":"","ast-featured-img":"","footer-sml-layout":"","ast-disable-related-posts":"","theme-transparent-header-meta":"default","adv-header-id-meta":"","stick-header-meta":"","header-above-stick-meta":"","header-main-stick-meta":"","header-below-stick-meta":"","astra-migrate-meta-layouts":"set","ast-page-background-enabled":"default","ast-page-background-meta":{"desktop":{"background-color":"var(--ast-global-color-5)","background-image":"","background-repeat":"repeat","background-position":"center center","background-size":"auto","background-attachment":"scroll","background-type":"","background-media":"","overlay-type":"","overlay-color":"","overlay-opacity":"","overlay-gradient":""},"tablet":{"background-color":"","background-image":"","background-repeat":"repeat","background-position":"center center","background-size":"auto","background-attachment":"scroll","background-type":"","background-media":"","overlay-type":"","overlay-color":"","overlay-opacity":"","overlay-gradient":""},"mobile":{"background-color":"","background-image":"","background-repeat":"repeat","background-position":"center center","background-size":"auto","background-attachment":"scroll","background-type":"","background-media":"","overlay-type":"","overlay-color":"","overlay-opacity":"","overlay-gradient":""}},"ast-content-background-meta":{"desktop":{"background-color":"var(--ast-global-color-4)","background-image":"","background-repeat":"repeat","background-position":"center center","background-size":"auto","background-attachment":"scroll","background-type":"","background-media":"","overlay-type":"","overlay-color":"","overlay-opacity":"","overlay-gradient":""},"tablet":{"background-color":"var(--ast-global-color-4)","background-image":"","background-repeat":"repeat","background-position":"center center","background-size":"auto","background-attachment":"scroll","background-type":"","background-media":"","overlay-type":"","overlay-color":"","overlay-opacity":"","overlay-gradient":""},"mobile":{"background-color":"var(--ast-global-color-4)","background-image":"","background-repeat":"repeat","background-position":"center center","background-size":"auto","background-attachment":"scroll","background-type":"","background-media":"","overlay-type":"","overlay-color":"","overlay-opacity":"","overlay-gradient":""}}},"product_brand":[],"product_cat":[34],"product_tag":[],"class_list":{"0":"post-36","1":"product","2":"type-product","3":"status-publish","4":"has-post-thumbnail","6":"product_cat-knjige","7":"desktop-align-left","8":"tablet-align-left","9":"mobile-align-left","11":"first","12":"instock","13":"purchasable","14":"product-type-variable","15":"has-default-attributes"},"_links":{"self":[{"href":"https:\/\/shop.victory-publishing.org\/it\/wp-json\/wp\/v2\/product\/36","targetHints":{"allow":["GET"]}}],"collection":[{"href":"https:\/\/shop.victory-publishing.org\/it\/wp-json\/wp\/v2\/product"}],"about":[{"href":"https:\/\/shop.victory-publishing.org\/it\/wp-json\/wp\/v2\/types\/product"}],"replies":[{"embeddable":true,"href":"https:\/\/shop.victory-publishing.org\/it\/wp-json\/wp\/v2\/comments?post=36"}],"wp:featuredmedia":[{"embeddable":true,"href":"https:\/\/shop.victory-publishing.org\/it\/wp-json\/wp\/v2\/media\/2333"}],"wp:attachment":[{"href":"https:\/\/shop.victory-publishing.org\/it\/wp-json\/wp\/v2\/media?parent=36"}],"wp:term":[{"taxonomy":"product_brand","embeddable":true,"href":"https:\/\/shop.victory-publishing.org\/it\/wp-json\/wp\/v2\/product_brand?post=36"},{"taxonomy":"product_cat","embeddable":true,"href":"https:\/\/shop.victory-publishing.org\/it\/wp-json\/wp\/v2\/product_cat?post=36"},{"taxonomy":"product_tag","embeddable":true,"href":"https:\/\/shop.victory-publishing.org\/it\/wp-json\/wp\/v2\/product_tag?post=36"}],"curies":[{"name":"wp","href":"https:\/\/api.w.org\/{rel}","templated":true}]}}